{"id":72,"date":"2024-10-27T20:50:54","date_gmt":"2024-10-27T19:50:54","guid":{"rendered":"https:\/\/site-its.com\/elmouv\/?page_id=72"},"modified":"2024-10-27T22:20:57","modified_gmt":"2024-10-27T21:20:57","slug":"produits","status":"publish","type":"page","link":"https:\/\/site-its.com\/elmouv\/produits\/","title":{"rendered":"Produits"},"content":{"rendered":"<h1>De grandes choses se profilent \u00e0 l&rsquo;horizon<\/h1>\n<p>Quelque chose d&rsquo;\u00e9norme se pr\u00e9pare\u00a0! Notre boutique est en chantier et sera bient\u00f4t lanc\u00e9e\u00a0!<\/p>\n\t\t\t\t<img decoding=\"async\" src=\"https:\/\/site-its.com\/elmouv\/wp-content\/plugins\/bb-plugin\/img\/pixel.png\" alt=\"\" itemprop=\"image\" onerror=\"this.style.display='none'\"  \/>\n\t\t\t\t<img decoding=\"async\" src=\"http:\/\/site-its.com\/elmouv\/wp-content\/uploads\/sites\/61\/2024\/10\/Capture-decran-2024-10-23-a-15.06.11-300x291.png\" alt=\"Capture-decran-2024-10-23-a-15.06.11\" itemprop=\"image\" title=\"Capture-decran-2024-10-23-a-15.06.11\" onerror=\"this.style.display='none'\"  \/>\n<h2>\n\t\tEl\u00e9gance en Mouvement\n\t<\/h2>\n\t<p>T\u00e9l.\u00a0 +41123456789<\/p>\n<p>\u00a0Avenue des Ecuries 25 1200 Gen\u00e8ve &#8211; Suisse<\/p>\n<p><a href=\"mailto:contact@elegance.ch\">contact@elegance.ch<\/a><\/p>","protected":false},"excerpt":{"rendered":"<p>De grandes choses se profilent \u00e0 l&rsquo;horizon Quelque chose d&rsquo;\u00e9norme se pr\u00e9pare\u00a0! Notre boutique est en chantier et sera bient\u00f4t lanc\u00e9e\u00a0! El\u00e9gance en Mouvement T\u00e9l.\u00a0 +41123456789 \u00a0Avenue des Ecuries 25 1200 Gen\u00e8ve &#8211; Suisse contact@elegance.ch<\/p>\n","protected":false},"author":1,"featured_media":0,"parent":0,"menu_order":0,"comment_status":"closed","ping_status":"closed","template":"","meta":{"footnotes":""},"class_list":["post-72","page","type-page","status-publish","hentry"],"yoast_head":"<!-- This site is optimized with the Yoast SEO plugin v23.7 - https:\/\/yoast.com\/wordpress\/plugins\/seo\/ -->\n<title>Produits - l&#039;\u00e9l\u00e9gance en mouvement<\/title>\n<meta name=\"robots\" content=\"index, follow, max-snippet:-1, max-image-preview:large, max-video-preview:-1\" \/>\n<link rel=\"canonical\" href=\"https:\/\/site-its.com\/elmouv\/produits\/\" \/>\n<meta property=\"og:locale\" content=\"fr_FR\" \/>\n<meta property=\"og:type\" content=\"article\" \/>\n<meta property=\"og:title\" content=\"Produits - l&#039;\u00e9l\u00e9gance en mouvement\" \/>\n<meta property=\"og:description\" content=\"De grandes choses se profilent \u00e0 l&rsquo;horizon Quelque chose d&rsquo;\u00e9norme se pr\u00e9pare\u00a0! Notre boutique est en chantier et sera bient\u00f4t lanc\u00e9e\u00a0! El\u00e9gance en Mouvement T\u00e9l.\u00a0 +41123456789 \u00a0Avenue des Ecuries 25 1200 Gen\u00e8ve &#8211; Suisse contact@elegance.ch\" \/>\n<meta property=\"og:url\" content=\"https:\/\/site-its.com\/elmouv\/produits\/\" \/>\n<meta property=\"og:site_name\" content=\"l&#039;\u00e9l\u00e9gance en mouvement\" \/>\n<meta property=\"article:modified_time\" content=\"2024-10-27T21:20:57+00:00\" \/>\n<meta property=\"og:image\" content=\"https:\/\/site-its.com\/elmouv\/wp-content\/plugins\/bb-plugin\/img\/pixel.png\" \/>\n<meta name=\"twitter:card\" content=\"summary_large_image\" \/>\n<script type=\"application\/ld+json\" class=\"yoast-schema-graph\">{\"@context\":\"https:\/\/schema.org\",\"@graph\":[{\"@type\":\"WebPage\",\"@id\":\"https:\/\/site-its.com\/elmouv\/produits\/\",\"url\":\"https:\/\/site-its.com\/elmouv\/produits\/\",\"name\":\"Produits - l&#039;\u00e9l\u00e9gance en mouvement\",\"isPartOf\":{\"@id\":\"https:\/\/site-its.com\/elmouv\/#website\"},\"primaryImageOfPage\":{\"@id\":\"https:\/\/site-its.com\/elmouv\/produits\/#primaryimage\"},\"image\":{\"@id\":\"https:\/\/site-its.com\/elmouv\/produits\/#primaryimage\"},\"thumbnailUrl\":\"https:\/\/site-its.com\/elmouv\/wp-content\/plugins\/bb-plugin\/img\/pixel.png\",\"datePublished\":\"2024-10-27T19:50:54+00:00\",\"dateModified\":\"2024-10-27T21:20:57+00:00\",\"breadcrumb\":{\"@id\":\"https:\/\/site-its.com\/elmouv\/produits\/#breadcrumb\"},\"inLanguage\":\"fr-FR\",\"potentialAction\":[{\"@type\":\"ReadAction\",\"target\":[\"https:\/\/site-its.com\/elmouv\/produits\/\"]}]},{\"@type\":\"ImageObject\",\"inLanguage\":\"fr-FR\",\"@id\":\"https:\/\/site-its.com\/elmouv\/produits\/#primaryimage\",\"url\":\"https:\/\/site-its.com\/elmouv\/wp-content\/plugins\/bb-plugin\/img\/pixel.png\",\"contentUrl\":\"https:\/\/site-its.com\/elmouv\/wp-content\/plugins\/bb-plugin\/img\/pixel.png\"},{\"@type\":\"BreadcrumbList\",\"@id\":\"https:\/\/site-its.com\/elmouv\/produits\/#breadcrumb\",\"itemListElement\":[{\"@type\":\"ListItem\",\"position\":1,\"name\":\"Accueil\",\"item\":\"https:\/\/site-its.com\/elmouv\/\"},{\"@type\":\"ListItem\",\"position\":2,\"name\":\"Produits\"}]},{\"@type\":\"WebSite\",\"@id\":\"https:\/\/site-its.com\/elmouv\/#website\",\"url\":\"https:\/\/site-its.com\/elmouv\/\",\"name\":\"l&#039;\u00e9l\u00e9gance en mouvement\",\"description\":\"\",\"potentialAction\":[{\"@type\":\"SearchAction\",\"target\":{\"@type\":\"EntryPoint\",\"urlTemplate\":\"https:\/\/site-its.com\/elmouv\/?s={search_term_string}\"},\"query-input\":{\"@type\":\"PropertyValueSpecification\",\"valueRequired\":true,\"valueName\":\"search_term_string\"}}],\"inLanguage\":\"fr-FR\"}]}<\/script>\n<!-- \/ Yoast SEO plugin. -->","yoast_head_json":{"title":"Produits - l&#039;\u00e9l\u00e9gance en mouvement","robots":{"index":"index","follow":"follow","max-snippet":"max-snippet:-1","max-image-preview":"max-image-preview:large","max-video-preview":"max-video-preview:-1"},"canonical":"https:\/\/site-its.com\/elmouv\/produits\/","og_locale":"fr_FR","og_type":"article","og_title":"Produits - l&#039;\u00e9l\u00e9gance en mouvement","og_description":"De grandes choses se profilent \u00e0 l&rsquo;horizon Quelque chose d&rsquo;\u00e9norme se pr\u00e9pare\u00a0! Notre boutique est en chantier et sera bient\u00f4t lanc\u00e9e\u00a0! El\u00e9gance en Mouvement T\u00e9l.\u00a0 +41123456789 \u00a0Avenue des Ecuries 25 1200 Gen\u00e8ve &#8211; Suisse contact@elegance.ch","og_url":"https:\/\/site-its.com\/elmouv\/produits\/","og_site_name":"l&#039;\u00e9l\u00e9gance en mouvement","article_modified_time":"2024-10-27T21:20:57+00:00","og_image":[{"url":"https:\/\/site-its.com\/elmouv\/wp-content\/plugins\/bb-plugin\/img\/pixel.png"}],"twitter_card":"summary_large_image","schema":{"@context":"https:\/\/schema.org","@graph":[{"@type":"WebPage","@id":"https:\/\/site-its.com\/elmouv\/produits\/","url":"https:\/\/site-its.com\/elmouv\/produits\/","name":"Produits - l&#039;\u00e9l\u00e9gance en mouvement","isPartOf":{"@id":"https:\/\/site-its.com\/elmouv\/#website"},"primaryImageOfPage":{"@id":"https:\/\/site-its.com\/elmouv\/produits\/#primaryimage"},"image":{"@id":"https:\/\/site-its.com\/elmouv\/produits\/#primaryimage"},"thumbnailUrl":"https:\/\/site-its.com\/elmouv\/wp-content\/plugins\/bb-plugin\/img\/pixel.png","datePublished":"2024-10-27T19:50:54+00:00","dateModified":"2024-10-27T21:20:57+00:00","breadcrumb":{"@id":"https:\/\/site-its.com\/elmouv\/produits\/#breadcrumb"},"inLanguage":"fr-FR","potentialAction":[{"@type":"ReadAction","target":["https:\/\/site-its.com\/elmouv\/produits\/"]}]},{"@type":"ImageObject","inLanguage":"fr-FR","@id":"https:\/\/site-its.com\/elmouv\/produits\/#primaryimage","url":"https:\/\/site-its.com\/elmouv\/wp-content\/plugins\/bb-plugin\/img\/pixel.png","contentUrl":"https:\/\/site-its.com\/elmouv\/wp-content\/plugins\/bb-plugin\/img\/pixel.png"},{"@type":"BreadcrumbList","@id":"https:\/\/site-its.com\/elmouv\/produits\/#breadcrumb","itemListElement":[{"@type":"ListItem","position":1,"name":"Accueil","item":"https:\/\/site-its.com\/elmouv\/"},{"@type":"ListItem","position":2,"name":"Produits"}]},{"@type":"WebSite","@id":"https:\/\/site-its.com\/elmouv\/#website","url":"https:\/\/site-its.com\/elmouv\/","name":"l&#039;\u00e9l\u00e9gance en mouvement","description":"","potentialAction":[{"@type":"SearchAction","target":{"@type":"EntryPoint","urlTemplate":"https:\/\/site-its.com\/elmouv\/?s={search_term_string}"},"query-input":{"@type":"PropertyValueSpecification","valueRequired":true,"valueName":"search_term_string"}}],"inLanguage":"fr-FR"}]}},"jetpack_sharing_enabled":true,"_links":{"self":[{"href":"https:\/\/site-its.com\/elmouv\/wp-json\/wp\/v2\/pages\/72"}],"collection":[{"href":"https:\/\/site-its.com\/elmouv\/wp-json\/wp\/v2\/pages"}],"about":[{"href":"https:\/\/site-its.com\/elmouv\/wp-json\/wp\/v2\/types\/page"}],"author":[{"embeddable":true,"href":"https:\/\/site-its.com\/elmouv\/wp-json\/wp\/v2\/users\/1"}],"replies":[{"embeddable":true,"href":"https:\/\/site-its.com\/elmouv\/wp-json\/wp\/v2\/comments?post=72"}],"version-history":[{"count":3,"href":"https:\/\/site-its.com\/elmouv\/wp-json\/wp\/v2\/pages\/72\/revisions"}],"predecessor-version":[{"id":113,"href":"https:\/\/site-its.com\/elmouv\/wp-json\/wp\/v2\/pages\/72\/revisions\/113"}],"wp:attachment":[{"href":"https:\/\/site-its.com\/elmouv\/wp-json\/wp\/v2\/media?parent=72"}],"curies":[{"name":"wp","href":"https:\/\/api.w.org\/{rel}","templated":true}]}}