{"id":8,"date":"2019-11-13T12:24:35","date_gmt":"2019-11-13T11:24:35","guid":{"rendered":"http:\/\/site-its.com\/apsolutions\/?page_id=8"},"modified":"2025-02-06T16:14:32","modified_gmt":"2025-02-06T15:14:32","slug":"project-management-immobilier-au-luxembourg","status":"publish","type":"page","link":"https:\/\/site-its.com\/apsolutions\/","title":{"rendered":"Accueil"},"content":{"rendered":"<h2>\n\t\tMA\u00ceTRISE D&rsquo;\u0152UVRE\n\t<\/h2>\n<h2>\n\t\tAP Solutions\n\t<\/h2>\n\t<p>AP Solutions, \u00e9tablie au Luxembourg dans la ville de Rodange est le r\u00e9sultat de l&rsquo;association d&rsquo;un professionnel de l&rsquo;immobilier pr\u00e9sent au Luxembourg depuis plus de 20 ans et d&rsquo;un ing\u00e9nieur en g\u00e9nie civil qui ont su mettre en commun l&rsquo;ensemble de leurs comp\u00e9tences afin de proposer au march\u00e9 immobilier luxembourgeois un service complet pour la r\u00e9alisation de tout type de projet au grand-duch\u00e9.<\/p>\n\t<p>Professionnel ou particulier, nous mettons nos comp\u00e9tences \u00e0 votre service afin d&rsquo;atteindre vos objectif lors de vos op\u00e9rations immobili\u00e8res. Notre exp\u00e9rience de ma\u00eetre d&rsquo;ouvrage nous permet d&rsquo;anticiper vos besoins et d&rsquo;y r\u00e9pondre par tous les moyens, notamment gr\u00e2ce aux nouvelles technologies et aux diff\u00e9rents outils de gestions d\u00e9velopp\u00e9s et test\u00e9s lors de nos diff\u00e9rentes r\u00e9alisations.<\/p>\n\t<p>Notre approche en tant que ma\u00eetre d&rsquo;\u0153uvre est de vous accompagner dans une absolue transparence technique et \u00e9conomique, nos honoraires sont fix\u00e9s au d\u00e9marrage et notre objectif principal est la d\u00e9fense de vos int\u00e9r\u00eats dans toutes les interfaces qu&rsquo;impose le processus de construction.<\/p>\n\t\t\t\t\tExp\u00e9rience au Luxembourg\n\t\t20 ans\n\t\t\t\t\tAnn\u00e9e de cr\u00e9ation\n\t\t2,019\n\t\t\t\t\tEmploy\u00e9s\n\t\t4\n<h2>\n\t\tSERVICES\n\t<\/h2>\n<h2>\n\t\tR\u00c9ALISATION\n\t<\/h2>\n<h2>\n\t\tPROJETS\n\t<\/h2>\n\t\t\t\t\tProjets en cours\n\t\t16\n\t\t\t\t\tUnit\u00e9s construites\n\t\t85\n\t\t\t\t\tSurfaces r\u00e9alis\u00e9es\n\t\t28,000m\u00b2\n<h3>\n\t\tPARTENAIRES\n\t<\/h3>\n<h3>\n\t\tCONTACT\n\t<\/h3>\n\t\n\t<p>Pr\u00eat \u00e0 nous faire confiance?<\/p>\n<p>Contactez-nous et nous vous proposerons une mission sur mesure adapt\u00e9e \u00e0 votre organisation et vos besoins.<\/p>\n\t<p><strong>AP Solutions<\/strong><\/p>\n<p>87, route d&rsquo;Esch<\/p>\n<p>L-4450 Belvaux<\/p>\n<p><a href=\"mailto:contact@apsolutions.lu\">contact@apsolutions.lu<\/a><\/p>\n<p>T\u00e9l. : +352 27 56 14 94<\/p>","protected":false},"excerpt":{"rendered":"<p>MA\u00ceTRISE D&rsquo;\u0152UVRE AP Solutions AP Solutions, \u00e9tablie au Luxembourg dans la ville de Rodange est le r\u00e9sultat de l&rsquo;association d&rsquo;un professionnel de l&rsquo;immobilier pr\u00e9sent au Luxembourg depuis plus de 20 ans et d&rsquo;un ing\u00e9nieur en g\u00e9nie civil qui ont su mettre en commun l&rsquo;ensemble de leurs comp\u00e9tences afin de proposer au march\u00e9 immobilier luxembourgeois un&hellip;<\/p>\n","protected":false},"author":1,"featured_media":0,"parent":0,"menu_order":0,"comment_status":"closed","ping_status":"closed","template":"","meta":{"footnotes":""},"class_list":["post-8","page","type-page","status-publish","hentry"],"yoast_head":"<!-- This site is optimized with the Yoast SEO plugin v23.7 - https:\/\/yoast.com\/wordpress\/plugins\/seo\/ -->\n<title>AP solutions | Project management immobilier au Luxembourg<\/title>\n<meta name=\"description\" content=\"AP Solutions, soci\u00e9t\u00e9 de project management immobilier au Luxembourg, vous accompagne dans tous vos projets de la conception \u00e0 la livraison.\" \/>\n<meta name=\"robots\" content=\"index, follow, max-snippet:-1, max-image-preview:large, max-video-preview:-1\" \/>\n<link rel=\"canonical\" href=\"https:\/\/site-its.com\/apsolutions\/\" \/>\n<meta property=\"og:locale\" content=\"fr_FR\" \/>\n<meta property=\"og:type\" content=\"article\" \/>\n<meta property=\"og:title\" content=\"AP solutions | Project management immobilier au Luxembourg\" \/>\n<meta property=\"og:description\" content=\"AP Solutions, soci\u00e9t\u00e9 de project management immobilier au Luxembourg, vous accompagne dans tous vos projets de la conception \u00e0 la livraison.\" \/>\n<meta property=\"og:url\" content=\"https:\/\/site-its.com\/apsolutions\/\" \/>\n<meta property=\"og:site_name\" content=\"AP solutions\" \/>\n<meta property=\"article:modified_time\" content=\"2025-02-06T15:14:32+00:00\" \/>\n<meta name=\"twitter:card\" content=\"summary_large_image\" \/>\n<meta name=\"twitter:label1\" content=\"Dur\u00e9e de lecture estim\u00e9e\" \/>\n\t<meta name=\"twitter:data1\" content=\"2 minutes\" \/>\n<script type=\"application\/ld+json\" class=\"yoast-schema-graph\">{\"@context\":\"https:\/\/schema.org\",\"@graph\":[{\"@type\":\"WebPage\",\"@id\":\"https:\/\/site-its.com\/apsolutions\/\",\"url\":\"https:\/\/site-its.com\/apsolutions\/\",\"name\":\"AP solutions | Project management immobilier au Luxembourg\",\"isPartOf\":{\"@id\":\"https:\/\/site-its.com\/apsolutions\/#website\"},\"datePublished\":\"2019-11-13T11:24:35+00:00\",\"dateModified\":\"2025-02-06T15:14:32+00:00\",\"description\":\"AP Solutions, soci\u00e9t\u00e9 de project management immobilier au Luxembourg, vous accompagne dans tous vos projets de la conception \u00e0 la livraison.\",\"breadcrumb\":{\"@id\":\"https:\/\/site-its.com\/apsolutions\/#breadcrumb\"},\"inLanguage\":\"fr-FR\",\"potentialAction\":[{\"@type\":\"ReadAction\",\"target\":[\"https:\/\/site-its.com\/apsolutions\/\"]}]},{\"@type\":\"BreadcrumbList\",\"@id\":\"https:\/\/site-its.com\/apsolutions\/#breadcrumb\",\"itemListElement\":[{\"@type\":\"ListItem\",\"position\":1,\"name\":\"Accueil\",\"item\":\"https:\/\/site-its.com\/apsolutions\/\"},{\"@type\":\"ListItem\",\"position\":2,\"name\":\"Accueil\"}]},{\"@type\":\"WebSite\",\"@id\":\"https:\/\/site-its.com\/apsolutions\/#website\",\"url\":\"https:\/\/site-its.com\/apsolutions\/\",\"name\":\"AP solutions\",\"description\":\"Un site utilisant R\u00e9seau site-its.com\",\"potentialAction\":[{\"@type\":\"SearchAction\",\"target\":{\"@type\":\"EntryPoint\",\"urlTemplate\":\"https:\/\/site-its.com\/apsolutions\/?s={search_term_string}\"},\"query-input\":{\"@type\":\"PropertyValueSpecification\",\"valueRequired\":true,\"valueName\":\"search_term_string\"}}],\"inLanguage\":\"fr-FR\"}]}<\/script>\n<!-- \/ Yoast SEO plugin. -->","yoast_head_json":{"title":"AP solutions | Project management immobilier au Luxembourg","description":"AP Solutions, soci\u00e9t\u00e9 de project management immobilier au Luxembourg, vous accompagne dans tous vos projets de la conception \u00e0 la livraison.","robots":{"index":"index","follow":"follow","max-snippet":"max-snippet:-1","max-image-preview":"max-image-preview:large","max-video-preview":"max-video-preview:-1"},"canonical":"https:\/\/site-its.com\/apsolutions\/","og_locale":"fr_FR","og_type":"article","og_title":"AP solutions | Project management immobilier au Luxembourg","og_description":"AP Solutions, soci\u00e9t\u00e9 de project management immobilier au Luxembourg, vous accompagne dans tous vos projets de la conception \u00e0 la livraison.","og_url":"https:\/\/site-its.com\/apsolutions\/","og_site_name":"AP solutions","article_modified_time":"2025-02-06T15:14:32+00:00","twitter_card":"summary_large_image","twitter_misc":{"Dur\u00e9e de lecture estim\u00e9e":"2 minutes"},"schema":{"@context":"https:\/\/schema.org","@graph":[{"@type":"WebPage","@id":"https:\/\/site-its.com\/apsolutions\/","url":"https:\/\/site-its.com\/apsolutions\/","name":"AP solutions | Project management immobilier au Luxembourg","isPartOf":{"@id":"https:\/\/site-its.com\/apsolutions\/#website"},"datePublished":"2019-11-13T11:24:35+00:00","dateModified":"2025-02-06T15:14:32+00:00","description":"AP Solutions, soci\u00e9t\u00e9 de project management immobilier au Luxembourg, vous accompagne dans tous vos projets de la conception \u00e0 la livraison.","breadcrumb":{"@id":"https:\/\/site-its.com\/apsolutions\/#breadcrumb"},"inLanguage":"fr-FR","potentialAction":[{"@type":"ReadAction","target":["https:\/\/site-its.com\/apsolutions\/"]}]},{"@type":"BreadcrumbList","@id":"https:\/\/site-its.com\/apsolutions\/#breadcrumb","itemListElement":[{"@type":"ListItem","position":1,"name":"Accueil","item":"https:\/\/site-its.com\/apsolutions\/"},{"@type":"ListItem","position":2,"name":"Accueil"}]},{"@type":"WebSite","@id":"https:\/\/site-its.com\/apsolutions\/#website","url":"https:\/\/site-its.com\/apsolutions\/","name":"AP solutions","description":"Un site utilisant R\u00e9seau site-its.com","potentialAction":[{"@type":"SearchAction","target":{"@type":"EntryPoint","urlTemplate":"https:\/\/site-its.com\/apsolutions\/?s={search_term_string}"},"query-input":{"@type":"PropertyValueSpecification","valueRequired":true,"valueName":"search_term_string"}}],"inLanguage":"fr-FR"}]}},"_links":{"self":[{"href":"https:\/\/site-its.com\/apsolutions\/wp-json\/wp\/v2\/pages\/8"}],"collection":[{"href":"https:\/\/site-its.com\/apsolutions\/wp-json\/wp\/v2\/pages"}],"about":[{"href":"https:\/\/site-its.com\/apsolutions\/wp-json\/wp\/v2\/types\/page"}],"author":[{"embeddable":true,"href":"https:\/\/site-its.com\/apsolutions\/wp-json\/wp\/v2\/users\/1"}],"replies":[{"embeddable":true,"href":"https:\/\/site-its.com\/apsolutions\/wp-json\/wp\/v2\/comments?post=8"}],"version-history":[{"count":187,"href":"https:\/\/site-its.com\/apsolutions\/wp-json\/wp\/v2\/pages\/8\/revisions"}],"predecessor-version":[{"id":541,"href":"https:\/\/site-its.com\/apsolutions\/wp-json\/wp\/v2\/pages\/8\/revisions\/541"}],"wp:attachment":[{"href":"https:\/\/site-its.com\/apsolutions\/wp-json\/wp\/v2\/media?parent=8"}],"curies":[{"name":"wp","href":"https:\/\/api.w.org\/{rel}","templated":true}]}}